{"id":66,"date":"2018-04-16T20:00:59","date_gmt":"2018-04-16T17:00:59","guid":{"rendered":"http:\/\/rae-eelkool.ee\/?page_id=66"},"modified":"2018-05-22T17:01:56","modified_gmt":"2018-05-22T14:01:56","slug":"tutvustus","status":"publish","type":"page","link":"https:\/\/rae-eelkool.ee\/?page_id=66","title":{"rendered":"Tutvustus"},"content":{"rendered":"<h1>Rae Eelkool<\/h1>\n<p style=\"font-weight: 400;\">Eelkoolis osalemine toetab lapse \u00f5pioskuste, samuti tema sotsiaalsete ja enesekohaste oskuste arengut. Laps saab kogemuse \u00f5ppida klassiruumis kooli\u00f5petaja juhendamisel.<\/p>\n<p style=\"font-weight: 400;\">Rae Eelkool pakub tunde nii koolieelikutele (6-7aastased) kui ka 5-aastastele. Erinevates sihtr\u00fchmades on \u00f5ppet\u00f6\u00f6sisu ning \u00f5ppematerjalid erinevad.<\/p>\n<p>Rae Eelkooli \u00f5ppekava on registreeritud Eesti Hariduse Infos\u00fcsteemis l\u00e4htuvalt HTM kantsleri k\u00e4skkirjast 1.1-3\/17\/100; 10. mai 2017, mis annab \u00f5iguse tulumaksutagastuseks \u00f5ppetasult.<\/p>\n","protected":false},"excerpt":{"rendered":"<p>Rae Eelkool Eelkoolis osalemine toetab lapse \u00f5pioskuste, samuti tema sotsiaalsete ja enesekohaste oskuste arengut. Laps saab kogemuse \u00f5ppida klassiruumis kooli\u00f5petaja juhendamisel. Rae Eelkool pakub tunde nii koolieelikutele (6-7aastased) kui ka 5-aastastele. Erinevates sihtr\u00fchmades on \u00f5ppet\u00f6\u00f6sisu ning \u00f5ppematerjalid erinevad. Rae Eelkooli \u00f5ppekava on registreeritud Eesti Hariduse Infos\u00fcsteemis l\u00e4htuvalt HTM kantsleri k\u00e4skkirjast 1.1-3\/17\/100; 10. mai 2017, mis &hellip; <\/p>\n<p class=\"link-more\"><a href=\"https:\/\/rae-eelkool.ee\/?page_id=66\" class=\"more-link\">Continue reading<span class=\"screen-reader-text\"> &#8220;Tutvustus&#8221;<\/span><\/a><\/p>\n","protected":false},"author":1,"featured_media":0,"parent":0,"menu_order":0,"comment_status":"closed","ping_status":"closed","template":"","meta":[],"_links":{"self":[{"href":"https:\/\/rae-eelkool.ee\/index.php?rest_route=\/wp\/v2\/pages\/66"}],"collection":[{"href":"https:\/\/rae-eelkool.ee\/index.php?rest_route=\/wp\/v2\/pages"}],"about":[{"href":"https:\/\/rae-eelkool.ee\/index.php?rest_route=\/wp\/v2\/types\/page"}],"author":[{"embeddable":true,"href":"https:\/\/rae-eelkool.ee\/index.php?rest_route=\/wp\/v2\/users\/1"}],"replies":[{"embeddable":true,"href":"https:\/\/rae-eelkool.ee\/index.php?rest_route=%2Fwp%2Fv2%2Fcomments&post=66"}],"version-history":[{"count":5,"href":"https:\/\/rae-eelkool.ee\/index.php?rest_route=\/wp\/v2\/pages\/66\/revisions"}],"predecessor-version":[{"id":122,"href":"https:\/\/rae-eelkool.ee\/index.php?rest_route=\/wp\/v2\/pages\/66\/revisions\/122"}],"wp:attachment":[{"href":"https:\/\/rae-eelkool.ee\/index.php?rest_route=%2Fwp%2Fv2%2Fmedia&parent=66"}],"curies":[{"name":"wp","href":"https:\/\/api.w.org\/{rel}","templated":true}]}}