{"id":287,"date":"2023-05-24T16:24:13","date_gmt":"2023-05-24T13:24:13","guid":{"rendered":"http:\/\/rae-eelkool.ee\/?page_id=287"},"modified":"2026-03-19T13:34:28","modified_gmt":"2026-03-19T11:34:28","slug":"uus-eelkool-lagedil","status":"publish","type":"page","link":"https:\/\/rae-eelkool.ee\/?page_id=287","title":{"rendered":"Eelkool Lagedil"},"content":{"rendered":"<p>Eelkool Lagedi koolis 2026\/2027. \u00f5ppeaastal.<\/p>\n<p>2026\/2027. \u00f5ppeaastal on r\u00fchma suuruseks maksimaalselt 15 last \u2013 \u00fche kuu tasu on 68\u20ac (sisaldab \u00f5ppematerjale ja k\u00e4elise tegevuse vahendeid).<\/p>\n<p>Tuletame meelde, et lapsevanem saab kuutasust tulumaksu tagastuse ning Rae valla elanikel on v\u00f5imalus taotleda huvihariduse toetust, kui laps on 7-aastane.<\/p>\n<p><a href=\"https:\/\/forms.gle\/uWrHNVMrkVQWRemz6\"><strong>TAOTLUS<\/strong><\/a><\/p>\n\n\n<figure class=\"wp-block-table\"><table><tbody><tr><td><strong>\u00d5ppeperiood<\/strong><\/td><td>1. oktoober 2026 \u2013 30. aprill 2027<\/td><\/tr><tr><td><strong>Tundide aeg<\/strong><\/td><td>Teisip\u00e4eviti ja kolmap\u00e4eviti 15.45-17.15 &#8211; kui registreerunuid tuleb \u00fche r\u00fchma jagu, siis toimub eelkool p\u00e4eval, kuhu on rohkem registreerunuid.<br>\u00d5ppet\u00f6\u00f6d ei toimu Lagedi Kooli koolivaheaegadel (kuna \u00f5ppet\u00f6\u00f6 toimub Lagedi Kooli ruumides).<\/td><\/tr><tr><td><strong>R\u00fchma suurus<\/strong><\/td><td>8-15 last<\/td><\/tr><tr><td><strong>Laste vanus<\/strong><\/td><td>6-7 aastat<\/td><\/tr><tr><td><strong>\u00d5petaja<\/strong><\/td><td>Lagedi Kooli \u00f5petajad<\/td><\/tr><tr><td><strong>\u00d5ppetasu<\/strong><\/td><td>68 eurot kuus (\u00f5igus saada tulumaksu tagastus); sisaldab \u00f5ppematerjale ja -vahendeid. \u00a0<br><br>Osalustasu ei s\u00f5ltu \u00f5ppep\u00e4evade arvust kuus. Puudutud p\u00e4evade arvelt tagasiarvestust ei tehta. Kui laps ei osale kuu jooksul \u00fcheski tunnis, siis kandub osalustasu j\u00e4rgmisse kuusse. Osalustasu ei tagastata.<\/td><\/tr><tr><td><strong>\u00d5ppematerjal<\/strong><\/td><td>T\u00f6\u00f6raamat \u201dMina l\u00e4hen kooli\u201d; autorid K. Kald, A. Kloren<\/td><\/tr><tr><td><strong>\u00d5ppevahendid<\/strong><\/td><td>\u00d5ppetasus sisalduvad \u00f5ppevahendid: joonistuspaberid, v\u00e4rvipaberid, liim, erinevad k\u00e4elisetegevuse vahendid (kleepsud, v\u00e4rvilised traadid, krepp-paberid jmt) &nbsp;.<br><br>Lapsel endal tundides kaasas: harilikud pliiatsid, v\u00e4rvipliiatsid,&nbsp; k\u00e4\u00e4rid, vahetusjalan\u00f5ud<\/td><\/tr><tr><td><strong>\u00d5ppekava<\/strong><\/td><td>Rae Eelkooli \u00f5ppekava \u201dEelkooliealiste laste arendusring\u201d &nbsp;<br><br>\u00d5ppekava on registreeritud Eesti Hariduse Infos\u00fcsteemis l\u00e4htuvalt HTM kantsleri k\u00e4skkirjast 1.1-3\/17\/100;10. mai 2017.<\/td><\/tr><tr><td><strong>P\u00f5hikiri<\/strong><\/td><td>Erahuvikooli Rae Eelkool p\u00f5hikiri<\/td><\/tr><tr><td><\/td><td><\/td><\/tr><\/tbody><\/table><\/figure>\n","protected":false},"excerpt":{"rendered":"<p>Eelkool Lagedi koolis 2026\/2027. \u00f5ppeaastal. 2026\/2027. \u00f5ppeaastal on r\u00fchma suuruseks maksimaalselt 15 last \u2013 \u00fche kuu tasu on 68\u20ac (sisaldab \u00f5ppematerjale ja k\u00e4elise tegevuse vahendeid). Tuletame meelde, et lapsevanem saab kuutasust tulumaksu tagastuse ning Rae valla elanikel on v\u00f5imalus taotleda huvihariduse toetust, kui laps on 7-aastane. TAOTLUS \u00d5ppeperiood 1. oktoober 2026 \u2013 30. aprill 2027 &hellip; <\/p>\n<p class=\"link-more\"><a href=\"https:\/\/rae-eelkool.ee\/?page_id=287\" class=\"more-link\">Continue reading<span class=\"screen-reader-text\"> &#8220;Eelkool Lagedil&#8221;<\/span><\/a><\/p>\n","protected":false},"author":1,"featured_media":0,"parent":0,"menu_order":0,"comment_status":"closed","ping_status":"closed","template":"","meta":[],"_links":{"self":[{"href":"https:\/\/rae-eelkool.ee\/index.php?rest_route=\/wp\/v2\/pages\/287"}],"collection":[{"href":"https:\/\/rae-eelkool.ee\/index.php?rest_route=\/wp\/v2\/pages"}],"about":[{"href":"https:\/\/rae-eelkool.ee\/index.php?rest_route=\/wp\/v2\/types\/page"}],"author":[{"embeddable":true,"href":"https:\/\/rae-eelkool.ee\/index.php?rest_route=\/wp\/v2\/users\/1"}],"replies":[{"embeddable":true,"href":"https:\/\/rae-eelkool.ee\/index.php?rest_route=%2Fwp%2Fv2%2Fcomments&post=287"}],"version-history":[{"count":5,"href":"https:\/\/rae-eelkool.ee\/index.php?rest_route=\/wp\/v2\/pages\/287\/revisions"}],"predecessor-version":[{"id":465,"href":"https:\/\/rae-eelkool.ee\/index.php?rest_route=\/wp\/v2\/pages\/287\/revisions\/465"}],"wp:attachment":[{"href":"https:\/\/rae-eelkool.ee\/index.php?rest_route=%2Fwp%2Fv2%2Fmedia&parent=287"}],"curies":[{"name":"wp","href":"https:\/\/api.w.org\/{rel}","templated":true}]}}