{"id":112,"date":"2018-05-22T16:54:46","date_gmt":"2018-05-22T13:54:46","guid":{"rendered":"http:\/\/rae-eelkool.ee\/?page_id=112"},"modified":"2026-03-19T13:33:10","modified_gmt":"2026-03-19T11:33:10","slug":"eelkool-teise-kodukeelega-lastele","status":"publish","type":"page","link":"https:\/\/rae-eelkool.ee\/?page_id=112","title":{"rendered":"Eelkool teise kodukeelega lastele"},"content":{"rendered":"<p><strong>Rae Eelkool J\u00fcri<\/strong> <strong>Koolis 2026\/2027. \u00f5ppeaastal &#8211; avame r\u00fchma, kui soovijaid on v\u00e4hemalt 8.<\/strong><\/p>\n<p>Eelkool teise kodukeelega lastele toimub keelek\u00fcmbluse p\u00f5him\u00f5tete alusel. \u00d5ppet\u00f6\u00f6 toimub eesti keeles. R\u00f5hk keeleliste osaoskuste arendamisel.<\/p>\n<p><a href=\"https:\/\/forms.gle\/GpM3TQNPToara9ua8\">Taotlus<\/a><\/p>\n<table>\n<tbody>\n<tr>\n<td width=\"177\"><strong>\u00d5ppet\u00f6\u00f6 periood<\/strong><\/td>\n<td width=\"475\">1. oktoober 2026 \u2013 30. aprill 2027<\/td>\n<\/tr>\n<tr>\n<td width=\"177\"><strong>Tundide aeg<\/strong><\/td>\n<td width=\"475\">Teisip\u00e4eviti 16.00-17.30<\/p>\n<p>\u00d5ppet\u00f6\u00f6d ei toimu J\u00fcri Kooli koolivaheaegadel (kuna \u00f5ppet\u00f6\u00f6 toimub J\u00fcri Kooli ruumides)<\/td>\n<\/tr>\n<tr>\n<td width=\"177\"><strong>R\u00fchma suurus<\/strong><\/td>\n<td width=\"475\">8 &#8211; 12 last<\/td>\n<\/tr>\n<tr>\n<td width=\"177\"><strong>Laste vanus<\/strong><\/td>\n<td width=\"475\">6-7 aastat<\/td>\n<\/tr>\n<tr>\n<td width=\"177\"><strong>\u00d5petajad<\/strong><\/td>\n<td width=\"475\">J\u00fcri Kooli klassi\u00f5petajad<\/td>\n<\/tr>\n<tr>\n<td width=\"177\"><strong>\u00d5ppetasu<\/strong><\/td>\n<td width=\"475\">68 eurot kuus (\u00f5igus saada tulumaksu tagastus); sisaldab \u00f5ppematerjale.<\/p>\n<p>Osalustasu ei s\u00f5ltu \u00f5ppep\u00e4evade arvust kuus. Puudutud p\u00e4evade arvelt tagasiarvestust ei tehta. Kui laps ei osale kuu jooksul \u00fcheski tunnis, siis kandub osalustasu j\u00e4rgmisse kuusse. Osalustasu ei tagastata.<\/td>\n<\/tr>\n<tr>\n<td width=\"177\"><strong>\u00d5ppematerjalid<\/strong><\/td>\n<td width=\"475\">T\u00f6\u00f6raamat \u201dMina l\u00e4hen kooli\u201d; autorid K. Kald, A. Kloren<\/p>\n<p>T\u00f6\u00f6lehed (\u00f5petajate koostatud l\u00e4htuvalt konkreetse r\u00fchma vajadustest)<\/td>\n<\/tr>\n<tr>\n<td width=\"177\"><strong>\u00d5ppevahendid<\/strong><\/td>\n<td width=\"475\">\u00d5ppetasus sisalduvad \u00f5ppevahendid: joonistuspaberid, v\u00e4rvipaberid, liim, erinevad k\u00e4elisetegevuse vahendid (kleepsud, plastiliin, v\u00e4rvilised traadid jmt)<\/p>\n<p>Lapsel endal tundides kaasas: harilikud pliiatsid, v\u00e4rvipliiatsid,\u00a0 k\u00e4\u00e4rid, vahetusjalan\u00f5ud<\/td>\n<\/tr>\n<tr>\n<td width=\"177\"><strong>\u00d5ppekava<\/strong><\/td>\n<td width=\"475\">Rae Eelkooli \u00f5ppekava \u201dEelkooliealiste laste arendusring\u201d<\/p>\n<p>(\u00d5ppekava on registreeritud Eesti Hariduse Infos\u00fcsteemis l\u00e4htuvalt HTM kantsleri k\u00e4skkirjast 1.1-3\/17\/100;10. mai 2017)<\/td>\n<\/tr>\n<tr>\n<td width=\"177\"><strong>P\u00f5hikiri<\/strong><\/td>\n<td width=\"475\">Erahuvikooli Rae Eelkool p\u00f5hikiri<\/td>\n<\/tr>\n<tr>\n<td width=\"177\"><\/td>\n<td width=\"475\"><\/td>\n<\/tr>\n<\/tbody>\n<\/table>\n","protected":false},"excerpt":{"rendered":"<p>Rae Eelkool J\u00fcri Koolis 2026\/2027. \u00f5ppeaastal &#8211; avame r\u00fchma, kui soovijaid on v\u00e4hemalt 8. Eelkool teise kodukeelega lastele toimub keelek\u00fcmbluse p\u00f5him\u00f5tete alusel. \u00d5ppet\u00f6\u00f6 toimub eesti keeles. R\u00f5hk keeleliste osaoskuste arendamisel. Taotlus \u00d5ppet\u00f6\u00f6 periood 1. oktoober 2026 \u2013 30. aprill 2027 Tundide aeg Teisip\u00e4eviti 16.00-17.30 \u00d5ppet\u00f6\u00f6d ei toimu J\u00fcri Kooli koolivaheaegadel (kuna \u00f5ppet\u00f6\u00f6 toimub J\u00fcri Kooli &hellip; <\/p>\n<p class=\"link-more\"><a href=\"https:\/\/rae-eelkool.ee\/?page_id=112\" class=\"more-link\">Continue reading<span class=\"screen-reader-text\"> &#8220;Eelkool teise kodukeelega lastele&#8221;<\/span><\/a><\/p>\n","protected":false},"author":1,"featured_media":0,"parent":0,"menu_order":0,"comment_status":"closed","ping_status":"closed","template":"","meta":[],"_links":{"self":[{"href":"https:\/\/rae-eelkool.ee\/index.php?rest_route=\/wp\/v2\/pages\/112"}],"collection":[{"href":"https:\/\/rae-eelkool.ee\/index.php?rest_route=\/wp\/v2\/pages"}],"about":[{"href":"https:\/\/rae-eelkool.ee\/index.php?rest_route=\/wp\/v2\/types\/page"}],"author":[{"embeddable":true,"href":"https:\/\/rae-eelkool.ee\/index.php?rest_route=\/wp\/v2\/users\/1"}],"replies":[{"embeddable":true,"href":"https:\/\/rae-eelkool.ee\/index.php?rest_route=%2Fwp%2Fv2%2Fcomments&post=112"}],"version-history":[{"count":5,"href":"https:\/\/rae-eelkool.ee\/index.php?rest_route=\/wp\/v2\/pages\/112\/revisions"}],"predecessor-version":[{"id":464,"href":"https:\/\/rae-eelkool.ee\/index.php?rest_route=\/wp\/v2\/pages\/112\/revisions\/464"}],"wp:attachment":[{"href":"https:\/\/rae-eelkool.ee\/index.php?rest_route=%2Fwp%2Fv2%2Fmedia&parent=112"}],"curies":[{"name":"wp","href":"https:\/\/api.w.org\/{rel}","templated":true}]}}